{"id":208,"date":"2020-02-14T11:29:47","date_gmt":"2020-02-14T11:29:47","guid":{"rendered":"https:\/\/demosites.io\/restaurant-gb\/?page_id=208"},"modified":"2026-02-02T09:35:06","modified_gmt":"2026-02-02T08:35:06","slug":"62549-home","status":"publish","type":"page","link":"https:\/\/restaurantdufoirail.fr\/","title":{"rendered":"Maison"},"content":{"rendered":"\n<div class=\"is-layout-constrained wp-block-group alignwide\"><div class=\"wp-block-group__inner-container\">\n<div id=\"wp-block-themeisle-blocks-advanced-columns-d6c31976\" class=\"wp-block-themeisle-blocks-advanced-columns alignwide has-1-columns has-desktop-equal-layout has-tablet-equal-layout has-mobile-equal-layout has-vertical-unset\"><div class=\"wp-block-themeisle-blocks-advanced-columns-overlay\"><\/div><div class=\"innerblocks-wrap\">\n<div id=\"wp-block-themeisle-blocks-advanced-column-8c100053\" class=\"wp-block-themeisle-blocks-advanced-column\">\n<div class=\"is-content-justification-left is-layout-flex wp-container-1 wp-block-buttons\">\n<div class=\"wp-block-button is-style-default\"><a class=\"wp-block-button__link has-neve-link-color-background-color has-background wp-element-button\" href=\"https:\/\/restaurantdufoirail.fr\/?page_id=247\">Nos Menus<\/a><\/div>\n\n\n\n<div class=\"wp-block-button has-custom-width wp-block-button__width-75 is-style-default\"><a class=\"wp-block-button__link has-neve-text-color-color has-nv-light-bg-background-color has-text-color has-background wp-element-button\">D\u00e9jeuner dans un lieu unique tous les midis du lundi au vendredi<\/a><\/div>\n<\/div>\n<\/div>\n<\/div><\/div>\n<\/div><\/div>\n\n\n\n<div id=\"wp-block-themeisle-blocks-advanced-columns-c9ad408d\" class=\"wp-block-themeisle-blocks-advanced-columns alignfull has-3-columns has-desktop-twoOneOne-layout has-tablet-equal-layout has-mobile-collapsedRows-layout has-vertical-unset\"><div class=\"wp-block-themeisle-blocks-advanced-columns-overlay\"><\/div><div class=\"innerblocks-wrap\">\n<div id=\"wp-block-themeisle-blocks-advanced-column-bd1ee026\" class=\"wp-block-themeisle-blocks-advanced-column\">\n<h2> Menu du jour <\/h2>\n\n\n\n<p style=\"font-size:19px\">Notre chef vous pr\u00e9pare tous les jours une cuisine de qualit\u00e9, vari\u00e9e et privil\u00e9giant les produits locaux. <\/p>\n\n\n\n<div class=\"is-layout-flex wp-block-buttons\">\n<div class=\"wp-block-button is-style-primary\"><a class=\"wp-block-button__link wp-element-button\" href=\"https:\/\/restaurantdufoirail.fr\/?page_id=247\"><font dir=\"auto\" style=\"vertical-align: inherit;\"><font dir=\"auto\" style=\"vertical-align: inherit;\">Nos menus<\/font><\/font><\/a><\/div>\n<\/div>\n<\/div>\n\n\n\n<div id=\"wp-block-themeisle-blocks-advanced-column-f2fd213d\" class=\"wp-block-themeisle-blocks-advanced-column\"><div class=\"wp-block-image\">\n<figure class=\"aligncenter size-large\"><img decoding=\"async\" loading=\"lazy\" width=\"768\" height=\"1024\" src=\"https:\/\/restaurantdufoirail.fr\/wp-content\/uploads\/2025\/04\/6674140154972307340-768x1024.jpg\" alt=\"\" class=\"wp-image-900\" srcset=\"https:\/\/restaurantdufoirail.fr\/wp-content\/uploads\/2025\/04\/6674140154972307340-768x1024.jpg 768w, https:\/\/restaurantdufoirail.fr\/wp-content\/uploads\/2025\/04\/6674140154972307340-225x300.jpg 225w, https:\/\/restaurantdufoirail.fr\/wp-content\/uploads\/2025\/04\/6674140154972307340-1152x1536.jpg 1152w, https:\/\/restaurantdufoirail.fr\/wp-content\/uploads\/2025\/04\/6674140154972307340.jpg 1200w\" sizes=\"(max-width: 768px) 100vw, 768px\" \/><\/figure><\/div>\n\n\n<h3 class=\"has-text-align-center\">Menu du jour<\/h3>\n\n\n\n<h3 class=\"has-text-align-center\">18 euros<\/h3>\n\n\n\n<p class=\"has-text-align-center\"> Entr\u00e9e <\/p>\n\n\n\n<p class=\"has-text-align-center\">Plat <\/p>\n\n\n\n<p class=\"has-text-align-center\">Dessert <\/p>\n<\/div>\n\n\n\n<div id=\"wp-block-themeisle-blocks-advanced-column-eba3820b\" class=\"wp-block-themeisle-blocks-advanced-column\"><div class=\"wp-block-image\">\n<figure class=\"aligncenter size-large\"><img decoding=\"async\" loading=\"lazy\" width=\"768\" height=\"1024\" src=\"https:\/\/restaurantdufoirail.fr\/wp-content\/uploads\/2026\/02\/1000019487-768x1024.jpg\" alt=\"\" class=\"wp-image-1140\" srcset=\"https:\/\/restaurantdufoirail.fr\/wp-content\/uploads\/2026\/02\/1000019487-768x1024.jpg 768w, https:\/\/restaurantdufoirail.fr\/wp-content\/uploads\/2026\/02\/1000019487-225x300.jpg 225w, https:\/\/restaurantdufoirail.fr\/wp-content\/uploads\/2026\/02\/1000019487-1152x1536.jpg 1152w, https:\/\/restaurantdufoirail.fr\/wp-content\/uploads\/2026\/02\/1000019487-1536x2048.jpg 1536w, https:\/\/restaurantdufoirail.fr\/wp-content\/uploads\/2026\/02\/1000019487-scaled.jpg 1920w\" sizes=\"(max-width: 768px) 100vw, 768px\" \/><\/figure><\/div>\n\n\n<h3 class=\"has-text-align-center\"> Menu du Foirail<\/h3>\n\n\n\n<h3 class=\"has-text-align-center\"><strong><font style=\"vertical-align: inherit;\"><font style=\"vertical-align: inherit;\"><font style=\"vertical-align: inherit;\"><font style=\"vertical-align: inherit;\"><font dir=\"auto\" style=\"vertical-align: inherit;\"><font dir=\"auto\" style=\"vertical-align: inherit;\">30 <\/font><\/font><\/font><\/font><\/font><\/font><\/strong><font dir=\"auto\" style=\"vertical-align: inherit;\"><strong><font style=\"vertical-align: inherit;\"><font style=\"vertical-align: inherit;\"><font style=\"vertical-align: inherit;\"><font style=\"vertical-align: inherit;\"><font dir=\"auto\" style=\"vertical-align: inherit;\">euros<\/font><\/font><\/font><\/font><\/font><\/strong><\/font><font style=\"vertical-align: inherit;\"><font style=\"vertical-align: inherit;\"><font dir=\"auto\" style=\"vertical-align: inherit;\"><font dir=\"auto\" style=\"vertical-align: inherit;\">\u200b<\/font><\/font><\/font><\/font><strong><font style=\"vertical-align: inherit;\"><font style=\"vertical-align: inherit;\"><font style=\"vertical-align: inherit;\"><font style=\"vertical-align: inherit;\"><font dir=\"auto\" style=\"vertical-align: inherit;\"><\/font><\/font><\/font><\/font><\/font><\/strong><\/h3>\n\n\n\n<p class=\"has-text-align-center\"> Entr\u00e9e<\/p>\n\n\n\n<p class=\"has-text-align-center\">Pi\u00e8ce du boucher Frites maison Salade<\/p>\n\n\n\n<p class=\"has-text-align-center\">Dessert<\/p>\n<\/div>\n<\/div><\/div>\n\n\n<div class=\"wp-block-image\">\n<figure class=\"aligncenter size-large is-resized\"><img decoding=\"async\" loading=\"lazy\" src=\"https:\/\/restaurantdufoirail.fr\/wp-content\/uploads\/2024\/10\/Beige-et-Gris-Minimaliste-Citation-Instagram-Publication-1024x1024.png\" alt=\"\" class=\"wp-image-699\" width=\"274\" height=\"274\" srcset=\"https:\/\/restaurantdufoirail.fr\/wp-content\/uploads\/2024\/10\/Beige-et-Gris-Minimaliste-Citation-Instagram-Publication-1024x1024.png 1024w, https:\/\/restaurantdufoirail.fr\/wp-content\/uploads\/2024\/10\/Beige-et-Gris-Minimaliste-Citation-Instagram-Publication-300x300.png 300w, https:\/\/restaurantdufoirail.fr\/wp-content\/uploads\/2024\/10\/Beige-et-Gris-Minimaliste-Citation-Instagram-Publication-150x150.png 150w, https:\/\/restaurantdufoirail.fr\/wp-content\/uploads\/2024\/10\/Beige-et-Gris-Minimaliste-Citation-Instagram-Publication-768x768.png 768w, https:\/\/restaurantdufoirail.fr\/wp-content\/uploads\/2024\/10\/Beige-et-Gris-Minimaliste-Citation-Instagram-Publication.png 1080w\" sizes=\"(max-width: 274px) 100vw, 274px\" \/><\/figure><\/div>\n\n\n<p><\/p>\n\n\n\n<p class=\"has-text-align-center\">Une r\u00e9compense pour notre restaurant qui a obtenu la qualification &#8220;Saveurs de l&#8217;Ain&#8221;.<\/p>\n\n\n\n<p class=\"has-text-align-center\">Une belle reconnaissance pour nous et une fiert\u00e9 de travailler avec des produits de nos terroirs.<\/p>\n\n\n<div style=\"height:400pxpx;\" class=\"wp-block-themeisle-blocks-leaflet-map\" id=\"wp-block-themeisle-blocks-leaflet-map-db25cd50\"><\/div>\n<script type=\"text\/javascript\">\n\t\/* <![CDATA[ *\/\n\t\tif ( ! window.themeisleLeafletMaps ) window.themeisleLeafletMaps =[];\n\t\twindow.themeisleLeafletMaps.push( { container: \"wp-block-themeisle-blocks-leaflet-map-db25cd50\", attributes: {\"id\":\"wp-block-themeisle-blocks-leaflet-map-db25cd50\",\"location\":\"Saint denis les bourg\",\"latitude\":\"46.216188883247376\",\"longitude\":\"5.202713012695313\",\"bbox\":\"5.177607536315919,46.210249600187225,5.227818489074708,46.222127524002886\",\"zoom\":15,\"markers\":[{\"latitude\":46.217614679576045,\"longitude\":5.202155113220216,\"id\":\"8c612926-e4d2-4183-b6c4-27949354f2f5\",\"title\":\"Add a title\",\"description\":\"\"}],\"height\":\"400px\",\"zoomControl\":true,\"draggable\":true,\"hasCustomCSS\":false,\"customCSS\":\"\",\"otterConditions\":[]} } );\n\t\/* ]]> *\/\n<\/script>\n","protected":false},"excerpt":{"rendered":"<p>Une r\u00e9compense pour notre restaurant qui a obtenu la qualification &#8220;Saveurs de l&#8217;Ain&#8221;. Une belle reconnaissance pour nous et une fiert\u00e9 de travailler avec des produits de nos terroirs.<\/p>\n","protected":false},"author":1,"featured_media":0,"parent":0,"menu_order":0,"comment_status":"closed","ping_status":"closed","template":"page-templates\/template-pagebuilder-full-width.php","meta":{"om_disable_all_campaigns":false,"_mi_skip_tracking":false,"neve_meta_sidebar":"full-width","neve_meta_container":"contained","neve_meta_enable_content_width":"on","neve_meta_content_width":100,"neve_meta_title_alignment":"","neve_meta_author_avatar":"","neve_post_elements_order":"","neve_meta_disable_header":"","neve_meta_disable_footer":"","neve_meta_disable_title":"on","_themeisle_gutenberg_block_has_review":false,"_ti_tpc_template_sync":false,"_ti_tpc_template_id":"uo6nemsm0rtf2wzbt339"},"aioseo_notices":[],"_links":{"self":[{"href":"https:\/\/restaurantdufoirail.fr\/index.php?rest_route=\/wp\/v2\/pages\/208"}],"collection":[{"href":"https:\/\/restaurantdufoirail.fr\/index.php?rest_route=\/wp\/v2\/pages"}],"about":[{"href":"https:\/\/restaurantdufoirail.fr\/index.php?rest_route=\/wp\/v2\/types\/page"}],"author":[{"embeddable":true,"href":"https:\/\/restaurantdufoirail.fr\/index.php?rest_route=\/wp\/v2\/users\/1"}],"replies":[{"embeddable":true,"href":"https:\/\/restaurantdufoirail.fr\/index.php?rest_route=%2Fwp%2Fv2%2Fcomments&post=208"}],"version-history":[{"count":42,"href":"https:\/\/restaurantdufoirail.fr\/index.php?rest_route=\/wp\/v2\/pages\/208\/revisions"}],"predecessor-version":[{"id":1142,"href":"https:\/\/restaurantdufoirail.fr\/index.php?rest_route=\/wp\/v2\/pages\/208\/revisions\/1142"}],"wp:attachment":[{"href":"https:\/\/restaurantdufoirail.fr\/index.php?rest_route=%2Fwp%2Fv2%2Fmedia&parent=208"}],"curies":[{"name":"wp","href":"https:\/\/api.w.org\/{rel}","templated":true}]}}